{"id":1473,"date":"2024-01-06T18:13:49","date_gmt":"2024-01-06T18:13:49","guid":{"rendered":"https:\/\/marketingdigitalaz.com\/?page_id=1473"},"modified":"2024-01-06T18:20:01","modified_gmt":"2024-01-06T18:20:01","slug":"la-couverture-du-livre","status":"publish","type":"page","link":"https:\/\/marketingdigitalaz.com\/index.php\/la-couverture-du-livre\/","title":{"rendered":"la couverture du livre"},"content":{"rendered":"<div data-colibri-id=\"1473-c1\" class=\"style-555 style-local-1473-c1 position-relative\">\n  <!---->\n  <div data-colibri-component=\"section\" data-colibri-id=\"1473-c18\" id=\"about\" class=\"h-section h-section-global-spacing d-flex align-items-lg-center align-items-md-center align-items-center style-572 style-local-1473-c18 position-relative\">\n    <div class=\"background-wrapper\">\n      <div class=\"background-layer background-layer-media-container-lg\">\n        <!---->\n        <div class=\"overlay-layer\">\n          <div class=\"overlay-image-layer\" style=\"background-image: linear-gradient(90deg, rgb(255, 255, 255) 40%, rgba(69, 58, 148, 0) 40%);\"><\/div>\n        <\/div>\n      <\/div>\n      <div class=\"background-layer background-layer-media-container-md\">\n        <!---->\n        <div class=\"overlay-layer\">\n          <div class=\"overlay-image-layer\" style=\"background-image: linear-gradient(90deg, rgb(255, 255, 255) 40%, rgba(69, 58, 148, 0) 40%);\"><\/div>\n        <\/div>\n      <\/div>\n      <div class=\"background-layer background-layer-media-container\">\n        <!---->\n        <div class=\"overlay-layer\">\n          <div class=\"overlay-image-layer\" style=\"background-image: linear-gradient(90deg, rgb(255, 255, 255) 40%, rgba(69, 58, 148, 0) 40%);\"><\/div>\n        <\/div>\n      <\/div>\n    <\/div>\n    <!---->\n    <div class=\"h-section-grid-container h-section-boxed-container\">\n      <!---->\n      <div data-colibri-id=\"1473-c19\" class=\"h-row-container gutters-row-lg-2 gutters-row-md-2 gutters-row-2 gutters-row-v-lg-2 gutters-row-v-md-2 gutters-row-v-2 style-573 style-local-1473-c19 position-relative\">\n        <!---->\n        <div class=\"h-row justify-content-lg-start justify-content-md-start justify-content-start align-items-lg-stretch align-items-md-stretch align-items-stretch gutters-col-lg-2 gutters-col-md-2 gutters-col-2 gutters-col-v-lg-2 gutters-col-v-md-2 gutters-col-v-2\">\n          <!---->\n          <div class=\"h-column h-column-container d-flex h-col-lg-auto h-col-md-auto h-col-auto style-574-outer style-local-1473-c20-outer\">\n            <div data-colibri-id=\"1473-c20\" class=\"d-flex h-flex-basis h-column__inner h-px-lg-0 h-px-md-0 h-px-0 v-inner-lg-0 v-inner-md-0 v-inner-0 style-574 style-local-1473-c20 position-relative\">\n              <!---->\n              <!---->\n              <div class=\"w-100 h-y-container h-column__content h-column__v-align flex-basis-100 align-self-lg-center align-self-md-center align-self-center\">\n                <!---->\n                <div data-colibri-id=\"1473-c21\" class=\"h-global-transition-all h-heading style-575 style-local-1473-c21 position-relative h-element\">\n                  <!---->\n                  <div class=\"h-heading__outer style-575 style-local-1473-c21\">\n                    <!---->\n                    <!---->\n                    <h6 class=\"\">t\u00e9l\u00e9charger la couverture du marketing digital de @ \u00e0 Z<\/h6>\n                  <\/div>\n                <\/div>\n                <div data-colibri-id=\"1473-c22\" class=\"h-global-transition-all h-heading style-576 style-local-1473-c22 position-relative h-element\">\n                  <!---->\n                  <div class=\"h-heading__outer style-576 style-local-1473-c22\">\n                    <!---->\n                    <!---->\n                    <h2 class=\"\">avec son QR code\n                      <br> magique<\/h2>\n                  <\/div>\n                <\/div>\n                <div data-colibri-id=\"1473-c23\" class=\"h-x-container style-577 style-local-1473-c23 position-relative h-element\">\n                  <!---->\n                  <div class=\"h-x-container-inner style-dynamic-1473-c23-group style-577-spacing style-local-1473-c23-spacing\"><span class=\"h-button__outer style-578-outer style-local-1473-c24-outer d-inline-flex h-element\"><a h-use-smooth-scroll=\"true\" href=\"https:\/\/marketingdigitalaz.com\/wp-content\/uploads\/2024\/01\/G0101436_COUV_LeMarketingDigitalDeAaZ-02.pdfReview-e1704564999843.png\" target=\"_blank\" data-colibri-id=\"1473-c24\" class=\"d-flex w-100 align-items-center h-button justify-content-lg-center justify-content-md-center justify-content-center style-578 style-local-1473-c24 position-relative\" rel=\"noopener\"><!----><!----> <span>t\u00e9l\u00e9charger<\/span><\/a>\n                    <\/span>\n                  <\/div>\n                <\/div>\n              <\/div>\n            <\/div>\n          <\/div>\n        <\/div>\n      <\/div>\n    <\/div>\n  <\/div>\n<\/div>","protected":false},"excerpt":{"rendered":"<p>t\u00e9l\u00e9charger la couverture du marketing digital de @ \u00e0 Z avec son QR code magique t\u00e9l\u00e9charger<\/p>\n","protected":false},"author":1,"featured_media":738,"parent":0,"menu_order":0,"comment_status":"closed","ping_status":"closed","template":"page-templates\/full-width-page.php","meta":{"jetpack_post_was_ever_published":false,"footnotes":""},"class_list":["post-1473","page","type-page","status-publish","has-post-thumbnail","hentry"],"jetpack-related-posts":[],"jetpack_sharing_enabled":true,"jetpack_shortlink":"https:\/\/wp.me\/PfnJCP-nL","_links":{"self":[{"href":"https:\/\/marketingdigitalaz.com\/index.php\/wp-json\/wp\/v2\/pages\/1473","targetHints":{"allow":["GET"]}}],"collection":[{"href":"https:\/\/marketingdigitalaz.com\/index.php\/wp-json\/wp\/v2\/pages"}],"about":[{"href":"https:\/\/marketingdigitalaz.com\/index.php\/wp-json\/wp\/v2\/types\/page"}],"author":[{"embeddable":true,"href":"https:\/\/marketingdigitalaz.com\/index.php\/wp-json\/wp\/v2\/users\/1"}],"replies":[{"embeddable":true,"href":"https:\/\/marketingdigitalaz.com\/index.php\/wp-json\/wp\/v2\/comments?post=1473"}],"version-history":[{"count":2,"href":"https:\/\/marketingdigitalaz.com\/index.php\/wp-json\/wp\/v2\/pages\/1473\/revisions"}],"predecessor-version":[{"id":1479,"href":"https:\/\/marketingdigitalaz.com\/index.php\/wp-json\/wp\/v2\/pages\/1473\/revisions\/1479"}],"wp:featuredmedia":[{"embeddable":true,"href":"https:\/\/marketingdigitalaz.com\/index.php\/wp-json\/wp\/v2\/media\/738"}],"wp:attachment":[{"href":"https:\/\/marketingdigitalaz.com\/index.php\/wp-json\/wp\/v2\/media?parent=1473"}],"curies":[{"name":"wp","href":"https:\/\/api.w.org\/{rel}","templated":true}]}}