{"id":1588,"date":"2024-01-25T20:57:01","date_gmt":"2024-01-25T20:57:01","guid":{"rendered":"https:\/\/marketingdigitalaz.com\/?page_id=1588"},"modified":"2024-02-05T14:09:53","modified_gmt":"2024-02-05T14:09:53","slug":"mdaz-les-corriges-du-marketing-digital-de-a-z","status":"publish","type":"page","link":"https:\/\/marketingdigitalaz.com\/index.php\/mdaz-les-corriges-du-marketing-digital-de-a-z\/","title":{"rendered":"Les corrig\u00e9s du Marketing Digital de @ \u00e0 Z"},"content":{"rendered":"<div data-colibri-id=\"1588-c1\" class=\"style-579 style-local-1588-c1 position-relative\">\n  <!---->\n  <div data-colibri-component=\"section\" data-colibri-id=\"1588-c2\" id=\"about\" class=\"h-section h-section-global-spacing d-flex align-items-lg-center align-items-md-center align-items-center style-584 style-local-1588-c2 position-relative\">\n    <div class=\"background-wrapper\">\n      <div class=\"background-layer background-layer-media-container-lg\">\n        <!---->\n        <div class=\"overlay-layer\">\n          <div class=\"overlay-image-layer\" style=\"background-image: linear-gradient(-90deg, rgb(255, 255, 255) 40%, rgba(69, 58, 148, 0) 40%);\"><\/div>\n        <\/div>\n      <\/div>\n      <div class=\"background-layer background-layer-media-container-md\">\n        <!---->\n        <div class=\"overlay-layer\">\n          <div class=\"overlay-image-layer\" style=\"background-image: linear-gradient(-90deg, rgb(255, 255, 255) 40%, rgba(69, 58, 148, 0) 40%);\"><\/div>\n        <\/div>\n      <\/div>\n      <div class=\"background-layer background-layer-media-container\">\n        <!---->\n        <div class=\"overlay-layer\">\n          <div class=\"overlay-image-layer\" style=\"background-image: linear-gradient(-90deg, rgb(255, 255, 255) 40%, rgba(69, 58, 148, 0) 40%);\"><\/div>\n        <\/div>\n      <\/div>\n    <\/div>\n    <!---->\n    <div class=\"h-section-grid-container h-section-boxed-container\">\n      <!---->\n      <div data-colibri-id=\"1588-c3\" class=\"h-row-container gutters-row-lg-2 gutters-row-md-2 gutters-row-2 gutters-row-v-lg-2 gutters-row-v-md-2 gutters-row-v-2 style-585 style-local-1588-c3 position-relative\">\n        <!---->\n        <div class=\"h-row justify-content-lg-end justify-content-md-end justify-content-end align-items-lg-stretch align-items-md-stretch align-items-stretch gutters-col-lg-2 gutters-col-md-2 gutters-col-2 gutters-col-v-lg-2 gutters-col-v-md-2 gutters-col-v-2\">\n          <!---->\n          <div class=\"h-column h-column-container d-flex h-col-lg-auto h-col-md-auto h-col-auto style-586-outer style-local-1588-c4-outer\">\n            <div data-colibri-id=\"1588-c4\" class=\"d-flex h-flex-basis h-column__inner h-px-lg-0 h-px-md-0 h-px-0 v-inner-lg-0 v-inner-md-0 v-inner-0 style-586 style-local-1588-c4 position-relative\">\n              <!---->\n              <!---->\n              <div class=\"w-100 h-y-container h-column__content h-column__v-align flex-basis-100 align-self-lg-center align-self-md-center align-self-center\">\n                <!---->\n                <div data-colibri-id=\"1588-c5\" class=\"h-global-transition-all h-heading style-587 style-local-1588-c5 position-relative h-element\">\n                  <!---->\n                  <div class=\"h-heading__outer style-587 style-local-1588-c5\">\n                    <!---->\n                    <!---->\n                    <h6 class=\"\">Pr\u00e9par\u00e9s avec amour par le professeur Kratiroff, voici &#8230;<\/h6>\n                  <\/div>\n                <\/div>\n                <div data-colibri-id=\"1588-c6\" class=\"h-global-transition-all h-heading style-588 style-local-1588-c6 position-relative h-element\">\n                  <!---->\n                  <div class=\"h-heading__outer style-588 style-local-1588-c6\">\n                    <!---->\n                    <!---->\n                    <h2 class=\"\">Les corrig\u00e9s&nbsp;des exercices du livre<\/h2>\n                  <\/div>\n                <\/div>\n                <div data-colibri-id=\"1588-c7\" class=\"h-text h-text-component style-594 style-local-1588-c7 position-relative h-element\">\n                  <!---->\n                  <!---->\n                  <div class=\"\">\n                    <p>Les 32 corrig\u00e9s du livre sont en ligne, \u00e0 vous de jouer ! <\/p>\n                    <p>\n                      <br>\n                    <\/p>\n                  <\/div>\n                <\/div>\n                <div data-colibri-id=\"1588-c8\" class=\"h-x-container style-595 style-local-1588-c8 position-relative h-element\">\n                  <!---->\n                  <div class=\"h-x-container-inner style-dynamic-1588-c8-group style-595-spacing style-local-1588-c8-spacing\"><span class=\"h-button__outer style-596-outer style-local-1588-c9-outer d-inline-flex h-element\"><a h-use-smooth-scroll=\"true\" href=\"https:\/\/www.youtube.com\/playlist?list=PL32v4sqVbHxtY8J_exEImXgqJ4NwVsQHz\" target=\"_blank\" data-colibri-id=\"1588-c9\" class=\"d-flex w-100 align-items-center h-button justify-content-lg-center justify-content-md-center justify-content-center style-596 style-local-1588-c9 position-relative\" rel=\"noopener\"><!----><!----> <span>Acc\u00e9der \u00e0 la playlist<\/span><\/a>\n                    <\/span>\n                  <\/div>\n                <\/div>\n              <\/div>\n            <\/div>\n          <\/div>\n        <\/div>\n      <\/div>\n      <div data-colibri-id=\"1588-c10\" class=\"h-row-container gutters-row-lg-2 gutters-row-md-2 gutters-row-0 gutters-row-v-lg-2 gutters-row-v-md-2 gutters-row-v-2 style-591 style-local-1588-c10 position-relative\">\n        <!---->\n        <div class=\"h-row justify-content-lg-center justify-content-md-center justify-content-center align-items-lg-stretch align-items-md-stretch align-items-stretch gutters-col-lg-2 gutters-col-md-2 gutters-col-0 gutters-col-v-lg-2 gutters-col-v-md-2 gutters-col-v-2\">\n          <!---->\n          <div class=\"h-column h-column-container d-flex h-col-lg-auto h-col-md-auto h-col-auto style-592-outer style-local-1588-c11-outer\">\n            <div data-colibri-id=\"1588-c11\" class=\"d-flex h-flex-basis h-column__inner h-ui-empty-state-container h-px-lg-2 h-px-md-2 h-px-2 v-inner-lg-2 v-inner-md-2 v-inner-2 style-592 style-local-1588-c11 position-relative\">\n              <!---->\n              <!---->\n              <div class=\"w-100 h-y-container h-column__content h-column__v-align flex-basis-100\">\n                <!---->\n              <\/div>\n            <\/div>\n          <\/div>\n        <\/div>\n      <\/div>\n    <\/div>\n  <\/div>\n  <div data-colibri-component=\"section\" data-colibri-id=\"1588-c12\" id=\"initial-content\" class=\"h-section h-section-global-spacing d-flex align-items-lg-center align-items-md-center align-items-center style-580 style-local-1588-c12 position-relative\">\n    <!---->\n    <!---->\n    <div class=\"h-section-grid-container h-section-boxed-container\">\n      <!---->\n      <div data-colibri-id=\"1588-c13\" class=\"h-row-container gutters-row-lg-2 gutters-row-md-2 gutters-row-0 gutters-row-v-lg-2 gutters-row-v-md-2 gutters-row-v-2 style-581 style-local-1588-c13 position-relative\">\n        <!---->\n        <div class=\"h-row justify-content-lg-center justify-content-md-center justify-content-center align-items-lg-stretch align-items-md-stretch align-items-stretch gutters-col-lg-2 gutters-col-md-2 gutters-col-0 gutters-col-v-lg-2 gutters-col-v-md-2 gutters-col-v-2\">\n          <!---->\n          <div class=\"h-column h-column-container d-flex h-col-lg-auto h-col-md-auto h-col-auto style-582-outer style-local-1588-c14-outer\">\n            <div data-colibri-id=\"1588-c14\" class=\"d-flex h-flex-basis h-column__inner h-px-lg-2 h-px-md-2 h-px-2 v-inner-lg-2 v-inner-md-2 v-inner-2 style-582 style-local-1588-c14 position-relative\">\n              <!---->\n              <!---->\n              <div class=\"w-100 h-y-container h-column__content h-column__v-align flex-basis-100 align-self-lg-start align-self-md-start align-self-start\">\n                <!---->\n                <div data-colibri-id=\"1588-c15\" class=\"style-583 style-local-1588-c15 position-relative h-element\">\n                  <!---->\n                  <div>\n                    <iframe width=\"100%\" height=\"630\" data-src=\"https:\/\/www.youtube.com\/embed\/uXh9i67zGuM?si=ioC8qI3vf537s6fO\" title=\"YouTube video player\" frameborder=\"0\" allow=\"accelerometer; autoplay; clipboard-write; encrypted-media; gyroscope; picture-in-picture; web-share\"\n                      allowfullscreen=\"\" src=\"data:image\/svg+xml;base64,PHN2ZyB3aWR0aD0iMSIgaGVpZ2h0PSIxIiB4bWxucz0iaHR0cDovL3d3dy53My5vcmcvMjAwMC9zdmciPjwvc3ZnPg==\" class=\"lazyload\" data-load-mode=\"1\"><\/iframe>\n                  <\/div>\n                <\/div>\n              <\/div>\n            <\/div>\n          <\/div>\n        <\/div>\n      <\/div>\n    <\/div>\n  <\/div>\n  <div data-colibri-component=\"section\" data-colibri-id=\"1588-c16\" id=\"custom\" class=\"h-section h-section-global-spacing d-flex align-items-lg-center align-items-md-center align-items-center style-597 style-local-1588-c16 position-relative\">\n    <!---->\n    <!---->\n    <div class=\"h-section-grid-container h-section-boxed-container\">\n      <!---->\n      <div data-colibri-id=\"1588-c17\" class=\"h-row-container gutters-row-lg-2 gutters-row-md-2 gutters-row-0 gutters-row-v-lg-2 gutters-row-v-md-2 gutters-row-v-2 style-607 style-local-1588-c17 position-relative\">\n        <!---->\n        <div class=\"h-row justify-content-lg-center justify-content-md-center justify-content-center align-items-lg-stretch align-items-md-stretch align-items-stretch gutters-col-lg-2 gutters-col-md-2 gutters-col-0 gutters-col-v-lg-2 gutters-col-v-md-2 gutters-col-v-2\">\n          <!---->\n          <div class=\"h-column h-column-container d-flex h-col-lg-auto h-col-md-auto h-col-auto style-608-outer style-local-1588-c18-outer\">\n            <div data-colibri-id=\"1588-c18\" class=\"d-flex h-flex-basis h-column__inner h-px-lg-2 h-px-md-2 h-px-2 v-inner-lg-2 v-inner-md-2 v-inner-2 style-608 style-local-1588-c18 position-relative\">\n              <!---->\n              <!---->\n              <div class=\"w-100 h-y-container h-column__content h-column__v-align flex-basis-100 align-self-lg-start align-self-md-start align-self-start\">\n                <!---->\n                <div data-colibri-id=\"1588-c19\" class=\"d-block style-609 style-local-1588-c19 position-relative h-element\">\n                  <!---->\n                  <div class=\"h-image__frame-container-outer\">\n                    <a href=\"https:\/\/www.youtube.com\/playlist?list=PL32v4sqVbHxtY8J_exEImXgqJ4NwVsQHz\" target=\"_blank\" h-use-smooth-scroll=\"true\" class=\"image-link\" rel=\"noopener\">\n                      <div class=\"h-image__frame-container\">\n                        <!---->\n                        <!---->\n                        <img decoding=\"async\" width=\"1226\" height=\"1205\" data-src=\"https:\/\/marketingdigitalaz.com\/wp-content\/uploads\/2024\/01\/cropped-Platlist-des-corriges.png\" class=\"wp-image-1687 style-609-image style-local-1588-c19-image lazyload\" alt=\"Playlist des corrig\u00e9s\" data-srcset=\"https:\/\/marketingdigitalaz.com\/wp-content\/uploads\/2024\/01\/cropped-Platlist-des-corriges.png 1226w, https:\/\/marketingdigitalaz.com\/wp-content\/uploads\/2024\/01\/cropped-Platlist-des-corriges-300x295.png 300w, https:\/\/marketingdigitalaz.com\/wp-content\/uploads\/2024\/01\/cropped-Platlist-des-corriges-1024x1006.png 1024w, https:\/\/marketingdigitalaz.com\/wp-content\/uploads\/2024\/01\/cropped-Platlist-des-corriges-768x755.png 768w\" data-sizes=\"(max-width: 1226px) 100vw, 1226px\" src=\"data:image\/svg+xml;base64,PHN2ZyB3aWR0aD0iMSIgaGVpZ2h0PSIxIiB4bWxucz0iaHR0cDovL3d3dy53My5vcmcvMjAwMC9zdmciPjwvc3ZnPg==\" style=\"--smush-placeholder-width: 1226px; --smush-placeholder-aspect-ratio: 1226\/1205;\" \/>\n                        <div class=\"h-image__frame h-hide-lg h-hide-md h-hide-sm style-609-frameImage style-local-1588-c19-frameImage\"><\/div>\n                      <\/div>\n                    <\/a>\n                  <\/div>\n                <\/div>\n              <\/div>\n            <\/div>\n          <\/div>\n        <\/div>\n      <\/div>\n    <\/div>\n  <\/div>\n  <div data-colibri-component=\"section\" data-colibri-id=\"1588-c20\" id=\"custom-2\" class=\"h-section h-section-global-spacing d-flex align-items-lg-center align-items-md-center align-items-center style-604 style-local-1588-c20 position-relative\">\n    <!---->\n    <!---->\n    <div class=\"h-section-grid-container h-section-boxed-container\">\n      <!---->\n      <div data-colibri-id=\"1588-c21\" class=\"h-row-container gutters-row-lg-2 gutters-row-md-2 gutters-row-0 gutters-row-v-lg-2 gutters-row-v-md-2 gutters-row-v-2 style-605 style-local-1588-c21 position-relative\">\n        <!---->\n        <div class=\"h-row justify-content-lg-center justify-content-md-center justify-content-center align-items-lg-stretch align-items-md-stretch align-items-stretch gutters-col-lg-2 gutters-col-md-2 gutters-col-0 gutters-col-v-lg-2 gutters-col-v-md-2 gutters-col-v-2\">\n          <!---->\n          <div class=\"h-column h-column-container d-flex h-col-lg-auto h-col-md-auto h-col-auto style-606-outer style-local-1588-c22-outer\">\n            <div data-colibri-id=\"1588-c22\" class=\"d-flex h-flex-basis h-column__inner h-ui-empty-state-container h-px-lg-2 h-px-md-2 h-px-2 v-inner-lg-2 v-inner-md-2 v-inner-2 style-606 style-local-1588-c22 position-relative\">\n              <!---->\n              <!---->\n              <div class=\"w-100 h-y-container h-column__content h-column__v-align flex-basis-100\">\n                <!---->\n              <\/div>\n            <\/div>\n          <\/div>\n        <\/div>\n      <\/div>\n    <\/div>\n  <\/div>\n<\/div>","protected":false},"excerpt":{"rendered":"<p>Pr\u00e9par\u00e9s avec amour par le professeur Kratiroff, voici &#8230; Les corrig\u00e9s&nbsp;des exercices du livre Les 32 corrig\u00e9s du livre sont en ligne, \u00e0 vous de jouer ! Acc\u00e9der \u00e0 la playlist<\/p>\n","protected":false},"author":1,"featured_media":738,"parent":0,"menu_order":0,"comment_status":"closed","ping_status":"closed","template":"page-templates\/full-width-page.php","meta":{"jetpack_post_was_ever_published":false,"footnotes":""},"class_list":["post-1588","page","type-page","status-publish","has-post-thumbnail","hentry"],"jetpack-related-posts":[],"jetpack_sharing_enabled":true,"jetpack_shortlink":"https:\/\/wp.me\/PfnJCP-pC","_links":{"self":[{"href":"https:\/\/marketingdigitalaz.com\/index.php\/wp-json\/wp\/v2\/pages\/1588","targetHints":{"allow":["GET"]}}],"collection":[{"href":"https:\/\/marketingdigitalaz.com\/index.php\/wp-json\/wp\/v2\/pages"}],"about":[{"href":"https:\/\/marketingdigitalaz.com\/index.php\/wp-json\/wp\/v2\/types\/page"}],"author":[{"embeddable":true,"href":"https:\/\/marketingdigitalaz.com\/index.php\/wp-json\/wp\/v2\/users\/1"}],"replies":[{"embeddable":true,"href":"https:\/\/marketingdigitalaz.com\/index.php\/wp-json\/wp\/v2\/comments?post=1588"}],"version-history":[{"count":16,"href":"https:\/\/marketingdigitalaz.com\/index.php\/wp-json\/wp\/v2\/pages\/1588\/revisions"}],"predecessor-version":[{"id":1835,"href":"https:\/\/marketingdigitalaz.com\/index.php\/wp-json\/wp\/v2\/pages\/1588\/revisions\/1835"}],"wp:featuredmedia":[{"embeddable":true,"href":"https:\/\/marketingdigitalaz.com\/index.php\/wp-json\/wp\/v2\/media\/738"}],"wp:attachment":[{"href":"https:\/\/marketingdigitalaz.com\/index.php\/wp-json\/wp\/v2\/media?parent=1588"}],"curies":[{"name":"wp","href":"https:\/\/api.w.org\/{rel}","templated":true}]}}