{"id":496,"date":"2023-12-23T16:57:50","date_gmt":"2023-12-23T16:57:50","guid":{"rendered":"http:\/\/faewure.cluster027.hosting.ovh.net\/mdaz\/?page_id=496"},"modified":"2024-03-29T16:01:08","modified_gmt":"2024-03-29T16:01:08","slug":"le-sommaire","status":"publish","type":"page","link":"https:\/\/marketingdigitalaz.com\/index.php\/le-sommaire\/","title":{"rendered":"le sommaire"},"content":{"rendered":"<div data-colibri-id=\"496-c1\" class=\"style-455 style-local-496-c1 position-relative\">\n  <!---->\n  <div data-colibri-component=\"section\" data-colibri-id=\"496-c27\" id=\"video-stephane\" class=\"h-section h-section-global-spacing d-flex align-items-lg-center align-items-md-center align-items-center style-619 style-local-496-c27 position-relative\">\n    <!---->\n    <!---->\n    <div class=\"h-section-grid-container h-section-boxed-container\">\n      <!---->\n      <div data-colibri-id=\"496-c28\" class=\"h-row-container gutters-row-lg-0 gutters-row-md-0 gutters-row-0 gutters-row-v-lg-0 gutters-row-v-md-0 gutters-row-v-0 style-620 style-local-496-c28 position-relative\">\n        <!---->\n        <div class=\"h-row justify-content-lg-center justify-content-md-center justify-content-center align-items-lg-stretch align-items-md-stretch align-items-stretch gutters-col-lg-0 gutters-col-md-0 gutters-col-0 gutters-col-v-lg-0 gutters-col-v-md-0 gutters-col-v-0\">\n          <!---->\n          <div class=\"h-column h-column-container d-flex h-col-lg-auto h-col-md-auto h-col-auto style-621-outer style-local-496-c29-outer\">\n            <div data-colibri-id=\"496-c29\" class=\"d-flex h-flex-basis h-column__inner h-px-lg-0 h-px-md-0 h-px-0 v-inner-lg-0 v-inner-md-0 v-inner-0 style-621 style-local-496-c29 position-relative\">\n              <!---->\n              <!---->\n              <div class=\"w-100 h-y-container h-column__content h-column__v-align flex-basis-100 align-self-lg-start align-self-md-start align-self-start\">\n                <!---->\n                <div data-colibri-id=\"496-c30\" class=\"h-global-transition-all h-heading style-622 style-local-496-c30 position-relative h-element\">\n                  <!---->\n                  <div class=\"h-heading__outer style-622 style-local-496-c30\">\n                    <!---->\n                    <!---->\n                    <h5 class=\"\">Il en parle mieux que nous<\/h5>\n                  <\/div>\n                <\/div>\n                <div data-colibri-id=\"496-c31\" class=\"h-global-transition-all h-heading style-623 style-local-496-c31 position-relative h-element\">\n                  <!---->\n                  <div class=\"h-heading__outer style-623 style-local-496-c31\">\n                    <!---->\n                    <!---->\n                    <h2 class=\"\"><em style=\"font-family: &quot;Playfair Display&quot;;\">Pourquoi <\/em>encore un\n                      <br> <em style=\"font-family: &quot;Playfair Display&quot;;\">livre&nbsp;<\/em>sur le marketing digital !?<\/h2>\n                  <\/div>\n                <\/div>\n                <div data-colibri-id=\"496-c32\" class=\"h-text h-text-component style-624 style-local-496-c32 position-relative h-element\">\n                  <!---->\n                  <!---->\n                  <div class=\"\">\n                    <p>St\u00e9phane Truph\u00e8me, fondateur de captainmarketing vous explique pourquoi il faut lire ce lire. Et en plus, c&#8217;est dr\u00f4le !<\/p>\n                  <\/div>\n                <\/div>\n                <div data-colibri-id=\"496-c36\" class=\"h-x-container style-628 style-local-496-c36 position-relative h-element\">\n                  <!---->\n                  <div class=\"h-x-container-inner style-dynamic-496-c36-group style-628-spacing style-local-496-c36-spacing\"><span class=\"h-button__outer style-629-outer style-local-496-c37-outer d-inline-flex h-element\"><a h-use-smooth-scroll=\"true\" href=\"https:\/\/blog.captainmarketing.io\"  data-colibri-id=\"496-c37\" class=\"d-flex w-100 align-items-center h-button justify-content-lg-center justify-content-md-center justify-content-center style-629 style-local-496-c37 position-relative\"><!----><!----> <span>Captainmarketing.io<\/span><\/a>\n                    <\/span>\n                  <\/div>\n                <\/div>\n              <\/div>\n            <\/div>\n          <\/div>\n          <div class=\"h-column h-column-container d-flex h-col-lg-auto h-col-md-auto h-col-auto style-625-outer style-local-496-c33-outer\">\n            <div data-colibri-id=\"496-c33\" class=\"d-flex h-flex-basis h-column__inner h-px-lg-0 h-px-md-0 h-px-0 v-inner-lg-0 v-inner-md-0 v-inner-0 style-625 style-local-496-c33 position-relative\">\n              <!---->\n              <!---->\n              <div class=\"w-100 h-y-container h-column__content h-column__v-align flex-basis-100 align-self-lg-center align-self-md-center align-self-start\">\n                <!---->\n                <div data-colibri-component=\"video\" data-colibri-id=\"496-c34\" class=\"d-block h-video d-block h-video style-626 style-local-496-c34 position-relative h-element\">\n                  <!---->\n                  <!---->\n                  <div class=\"video-container position-relative\">\n                    <div class=\"h-global-transition-all ratio-inner\"><video class='h-video-main' controls ><source src=https:\/\/marketingdigitalaz.com\/wp-content\/uploads\/2024\/03\/video-Stephane-Trupheme.mp4 type='video\/mp4' \/><\/video><\/div>\n                  <\/div>\n                <\/div>\n              <\/div>\n            <\/div>\n          <\/div>\n        <\/div>\n      <\/div>\n    <\/div>\n  <\/div>\n  <div data-colibri-component=\"section\" data-colibri-id=\"496-c2\" id=\"about\" class=\"h-section h-section-global-spacing d-flex align-items-lg-center align-items-md-center align-items-center style-456 style-local-496-c2 position-relative\">\n    <!---->\n    <!---->\n    <div class=\"h-section-grid-container h-section-boxed-container\">\n      <!---->\n      <div data-colibri-id=\"496-c3\" class=\"h-row-container gutters-row-lg-0 gutters-row-md-0 gutters-row-0 gutters-row-v-lg-0 gutters-row-v-md-0 gutters-row-v-0 style-457 style-local-496-c3 position-relative\">\n        <!---->\n        <div class=\"h-row justify-content-lg-center justify-content-md-center justify-content-center align-items-lg-stretch align-items-md-stretch align-items-stretch gutters-col-lg-0 gutters-col-md-0 gutters-col-0 gutters-col-v-lg-0 gutters-col-v-md-0 gutters-col-v-0\">\n          <!---->\n          <div class=\"h-column h-column-container d-flex h-col-lg-auto h-col-md-auto h-col-auto style-458-outer style-local-496-c4-outer\">\n            <div data-colibri-id=\"496-c4\" class=\"d-flex h-flex-basis h-column__inner h-px-lg-0 h-px-md-0 h-px-0 v-inner-lg-0 v-inner-md-0 v-inner-0 style-458 style-local-496-c4 position-relative\">\n              <!---->\n              <!---->\n              <div class=\"w-100 h-y-container h-column__content h-column__v-align flex-basis-100 align-self-lg-start align-self-md-start align-self-start\">\n                <!---->\n                <div data-colibri-id=\"496-c5\" class=\"h-global-transition-all h-heading style-459 style-local-496-c5 position-relative h-element\">\n                  <!---->\n                  <div class=\"h-heading__outer style-459 style-local-496-c5\">\n                    <!---->\n                    <!---->\n                    <h5 class=\"\">le sommaire du livre<\/h5>\n                  <\/div>\n                <\/div>\n                <div data-colibri-id=\"496-c6\" class=\"h-global-transition-all h-heading style-460 style-local-496-c6 position-relative h-element\">\n                  <!---->\n                  <div class=\"h-heading__outer style-460 style-local-496-c6\">\n                    <!---->\n                    <!---->\n                    <h2 class=\"\">7 <em style=\"font-family: &quot;Playfair Display&quot;;\">parties<\/em>&nbsp;et 32&nbsp;<em style=\"font-family: &quot;Playfair Display&quot;;\">chapitres<\/em> pour un livre de r\u00e9f\u00e9rence<\/h2>\n                  <\/div>\n                <\/div>\n                <div data-colibri-id=\"496-c7\" class=\"h-text h-text-component style-461 style-local-496-c7 position-relative h-element\">\n                  <!---->\n                  <!---->\n                  <div class=\"\">\n                    <p>Le marketing digital de @ \u00e0 Z est un livre de 400 pages rempli de r\u00e9f\u00e9rences, de sources, d&#8217;illustrations, d&#8217;anecdotes &#8230;\n                      <br>\n                      <br>Voici le sommaire du livre.<\/p>\n                  <\/div>\n                <\/div>\n                <div data-colibri-id=\"496-c8\" class=\"h-x-container style-470 style-local-496-c8 position-relative h-element\">\n                  <!---->\n                  <div class=\"h-x-container-inner style-dynamic-496-c8-group style-470-spacing style-local-496-c8-spacing\"><span class=\"h-button__outer style-471-outer style-local-496-c9-outer d-inline-flex h-element\"><a h-use-smooth-scroll=\"true\" href=\"http:\/\/faewure.cluster027.hosting.ovh.net\/mdaz\/wp-content\/uploads\/2023\/12\/SOMMAIRE-MARKETING_DIGITAL.pdf\" target=\"_blank\" data-colibri-id=\"496-c9\" class=\"d-flex w-100 align-items-center h-button justify-content-lg-center justify-content-md-center justify-content-center style-471 style-local-496-c9 position-relative\" rel=\"noopener\"><!----><!----> <span>Le sommaire<\/span><\/a>\n                    <\/span>\n                  <\/div>\n                <\/div>\n              <\/div>\n            <\/div>\n          <\/div>\n          <div class=\"h-column h-column-container d-flex h-col-lg-auto h-col-md-auto h-col-auto style-462-outer style-local-496-c10-outer\">\n            <div data-colibri-id=\"496-c10\" class=\"d-flex h-flex-basis h-column__inner h-ui-empty-state-container h-px-lg-2 h-px-md-2 h-px-2 v-inner-lg-2 v-inner-md-2 v-inner-2 style-462 style-local-496-c10 position-relative\">\n              <!---->\n              <!---->\n              <div class=\"w-100 h-y-container h-column__content h-column__v-align flex-basis-100\">\n                <!---->\n              <\/div>\n            <\/div>\n          <\/div>\n        <\/div>\n      <\/div>\n    <\/div>\n  <\/div>\n  <div data-colibri-component=\"section\" data-colibri-id=\"496-c11\" id=\"cta\" class=\"h-section h-section-global-spacing d-flex align-items-lg-center align-items-md-center align-items-center style-463 style-local-496-c11 position-relative\">\n    <!---->\n    <!---->\n    <div class=\"h-section-grid-container h-section-boxed-container\">\n      <!---->\n      <div data-colibri-id=\"496-c12\" class=\"h-row-container gutters-row-lg-2 gutters-row-md-2 gutters-row-0 gutters-row-v-lg-2 gutters-row-v-md-2 gutters-row-v-2 style-464 style-local-496-c12 position-relative\">\n        <!---->\n        <div class=\"h-row justify-content-lg-center justify-content-md-center justify-content-center align-items-lg-stretch align-items-md-stretch align-items-stretch gutters-col-lg-2 gutters-col-md-2 gutters-col-0 gutters-col-v-lg-2 gutters-col-v-md-2 gutters-col-v-2\">\n          <!---->\n          <div class=\"h-column h-column-container d-flex h-col-lg h-col-md h-col-auto style-465-outer style-local-496-c13-outer\">\n            <div data-colibri-id=\"496-c13\" class=\"d-flex h-flex-basis h-column__inner h-px-lg-0 h-px-md-0 h-px-2 v-inner-lg-0 v-inner-md-0 v-inner-2 style-465 style-local-496-c13 position-relative\">\n              <!---->\n              <!---->\n              <div class=\"w-100 h-y-container h-column__content h-column__v-align flex-basis-100 align-self-lg-center align-self-md-center align-self-center\">\n                <!---->\n                <div data-colibri-id=\"496-c14\" class=\"h-global-transition-all h-heading style-466 style-local-496-c14 position-relative h-element\">\n                  <!---->\n                  <div class=\"h-heading__outer style-466 style-local-496-c14\">\n                    <!---->\n                    <!---->\n                    <h2 class=\"\">t\u00e9l\u00e9charger le sommaire du livre<\/h2>\n                  <\/div>\n                <\/div>\n              <\/div>\n            <\/div>\n          <\/div>\n          <div class=\"h-column h-column-container d-flex h-col-lg-auto h-col-md-auto h-col-auto style-467-outer style-local-496-c15-outer\">\n            <div data-colibri-id=\"496-c15\" class=\"d-flex h-flex-basis h-column__inner h-px-lg-0 h-px-md-0 h-px-2 v-inner-lg-0 v-inner-md-0 v-inner-2 style-467 style-local-496-c15 position-relative\">\n              <!---->\n              <!---->\n              <div class=\"w-100 h-y-container h-column__content h-column__v-align flex-basis-auto align-self-lg-center align-self-md-center align-self-center\">\n                <!---->\n                <div data-colibri-id=\"496-c16\" class=\"h-x-container style-468 style-local-496-c16 position-relative h-element\">\n                  <!---->\n                  <div class=\"h-x-container-inner style-dynamic-496-c16-group style-468-spacing style-local-496-c16-spacing\"><span class=\"h-button__outer style-469-outer style-local-496-c17-outer d-inline-flex h-element\"><a h-use-smooth-scroll=\"true\" href=\"http:\/\/faewure.cluster027.hosting.ovh.net\/mdaz\/wp-content\/uploads\/2023\/12\/SOMMAIRE-MARKETING_DIGITAL.pdf\" target=\"_blank\" data-colibri-id=\"496-c17\" class=\"d-flex w-100 align-items-center h-button justify-content-lg-center justify-content-md-center justify-content-center style-469 style-local-496-c17 position-relative\" rel=\"noopener\"><!----><!----> <span>T\u00e9l\u00e9charger<\/span><\/a>\n                    <\/span>\n                  <\/div>\n                <\/div>\n              <\/div>\n            <\/div>\n          <\/div>\n        <\/div>\n      <\/div>\n    <\/div>\n  <\/div>\n<\/div>","protected":false},"excerpt":{"rendered":"<p>Il en parle mieux que nous Pourquoi encore un livre&nbsp;sur le marketing digital !? St\u00e9phane Truph\u00e8me, fondateur de captainmarketing vous explique pourquoi il faut lire ce lire. Et en plus, c&#8217;est dr\u00f4le ! Captainmarketing.io le sommaire du livre 7 parties&nbsp;et 32&nbsp;chapitres pour un livre de r\u00e9f\u00e9rence Le marketing digital de @ \u00e0 Z est un [&hellip;]<\/p>\n","protected":false},"author":1,"featured_media":277,"parent":0,"menu_order":0,"comment_status":"closed","ping_status":"closed","template":"page-templates\/full-width-page.php","meta":{"jetpack_post_was_ever_published":false,"footnotes":""},"class_list":["post-496","page","type-page","status-publish","has-post-thumbnail","hentry"],"jetpack-related-posts":[],"jetpack_sharing_enabled":true,"jetpack_shortlink":"https:\/\/wp.me\/PfnJCP-80","_links":{"self":[{"href":"https:\/\/marketingdigitalaz.com\/index.php\/wp-json\/wp\/v2\/pages\/496","targetHints":{"allow":["GET"]}}],"collection":[{"href":"https:\/\/marketingdigitalaz.com\/index.php\/wp-json\/wp\/v2\/pages"}],"about":[{"href":"https:\/\/marketingdigitalaz.com\/index.php\/wp-json\/wp\/v2\/types\/page"}],"author":[{"embeddable":true,"href":"https:\/\/marketingdigitalaz.com\/index.php\/wp-json\/wp\/v2\/users\/1"}],"replies":[{"embeddable":true,"href":"https:\/\/marketingdigitalaz.com\/index.php\/wp-json\/wp\/v2\/comments?post=496"}],"version-history":[{"count":7,"href":"https:\/\/marketingdigitalaz.com\/index.php\/wp-json\/wp\/v2\/pages\/496\/revisions"}],"predecessor-version":[{"id":2202,"href":"https:\/\/marketingdigitalaz.com\/index.php\/wp-json\/wp\/v2\/pages\/496\/revisions\/2202"}],"wp:featuredmedia":[{"embeddable":true,"href":"https:\/\/marketingdigitalaz.com\/index.php\/wp-json\/wp\/v2\/media\/277"}],"wp:attachment":[{"href":"https:\/\/marketingdigitalaz.com\/index.php\/wp-json\/wp\/v2\/media?parent=496"}],"curies":[{"name":"wp","href":"https:\/\/api.w.org\/{rel}","templated":true}]}}