{"id":91,"date":"2023-12-23T09:31:04","date_gmt":"2023-12-23T09:31:04","guid":{"rendered":"http:\/\/faewure.cluster027.hosting.ovh.net\/mdaz\/?page_id=91"},"modified":"2023-12-27T09:35:48","modified_gmt":"2023-12-27T09:35:48","slug":"les-videos","status":"publish","type":"page","link":"https:\/\/marketingdigitalaz.com\/index.php\/les-videos\/","title":{"rendered":"Les vid\u00e9os"},"content":{"rendered":"<div data-colibri-id=\"91-c1\" class=\"style-435 style-local-91-c1 position-relative\">\n  <!---->\n  <div data-colibri-component=\"section\" data-colibri-id=\"91-c2\" id=\"about\" class=\"h-section h-section-global-spacing d-flex align-items-lg-center align-items-md-center align-items-center style-440 style-local-91-c2 position-relative\">\n    <!---->\n    <!---->\n    <div class=\"h-section-grid-container h-section-boxed-container\">\n      <!---->\n      <div data-colibri-id=\"91-c3\" class=\"h-row-container gutters-row-lg-2 gutters-row-md-2 gutters-row-2 gutters-row-v-lg-2 gutters-row-v-md-2 gutters-row-v-2 style-441 style-local-91-c3 position-relative\">\n        <!---->\n        <div class=\"h-row justify-content-lg-center justify-content-md-center justify-content-center align-items-lg-stretch align-items-md-stretch align-items-stretch gutters-col-lg-2 gutters-col-md-2 gutters-col-2 gutters-col-v-lg-2 gutters-col-v-md-2 gutters-col-v-2\">\n          <!---->\n          <div class=\"h-column h-column-container d-flex h-col-lg-auto h-col-md-auto h-col-auto style-442-outer style-local-91-c4-outer\">\n            <div data-colibri-id=\"91-c4\" class=\"d-flex h-flex-basis h-column__inner h-px-lg-2 h-px-md-2 h-px-2 v-inner-lg-2 v-inner-md-2 v-inner-2 style-442 style-local-91-c4 position-relative\">\n              <!---->\n              <!---->\n              <div class=\"w-100 h-y-container h-column__content h-column__v-align flex-basis-100 align-self-lg-center align-self-md-center align-self-center\">\n                <!---->\n                <div data-colibri-id=\"91-c5\" class=\"h-global-transition-all h-heading style-443 style-local-91-c5 position-relative h-element\">\n                  <!---->\n                  <div class=\"h-heading__outer style-443 style-local-91-c5\">\n                    <!---->\n                    <!---->\n                    <h5 class=\"\">LES \u00c9V\u00c9NEMENTS LIVE DE #MDAZ&nbsp;<\/h5>\n                  <\/div>\n                <\/div>\n                <div data-colibri-id=\"91-c6\" class=\"h-global-transition-all h-heading style-444 style-local-91-c6 position-relative h-element\">\n                  <!---->\n                  <div class=\"h-heading__outer style-444 style-local-91-c6\">\n                    <!---->\n                    <!---->\n                    <h2 class=\"\">Les meilleurs&nbsp;<em style=\"color: rgb(247, 144, 7); font-family: &quot;Playfair Display&quot;;\">experts <\/em> du <em style=\"color: rgb(247, 144, 7); font-family: &quot;Playfair Display&quot;;\">marketing digital<\/em>\n                      <br>vous parlent en direct<\/h2>\n                  <\/div>\n                <\/div>\n                <div data-colibri-id=\"91-c7\" class=\"h-text h-text-component style-445 style-local-91-c7 position-relative h-element\">\n                  <!---->\n                  <!---->\n                  <div class=\"\">\n                    <p>Le livre le marketing digital de @ \u00e0 Z ne s&#8217;arr\u00eate pas avec la publication du papier. Il s&#8217;agit d&#8217;un livre augment\u00e9 qui s&#8217;accompagne de nombreuses vid\u00e9os &nbsp;interviews d&#8217;exeperts. &nbsp;<\/p>\n                  <\/div>\n                <\/div>\n                <div data-colibri-id=\"91-c8\" class=\"h-x-container style-446 style-local-91-c8 position-relative h-element\">\n                  <!---->\n                  <div class=\"h-x-container-inner style-dynamic-91-c8-group style-446-spacing style-local-91-c8-spacing\"><span class=\"h-button__outer style-447-outer style-local-91-c9-outer d-inline-flex h-element\"><a h-use-smooth-scroll=\"true\" href=\"https:\/\/vismktg.info\/MDAZ\" target=\"_blank\" data-colibri-id=\"91-c9\" class=\"d-flex w-100 align-items-center h-button justify-content-lg-center justify-content-md-center justify-content-center style-447 style-local-91-c9 position-relative\" rel=\"noopener\"><!----><!----> <span>Voir la cha\u00eene YouTube<\/span><\/a>\n                    <\/span>\n                  <\/div>\n                <\/div>\n              <\/div>\n            <\/div>\n          <\/div>\n          <div class=\"h-column h-column-container d-flex h-col-lg-auto h-col-md-auto h-col-auto style-448-outer style-local-91-c10-outer\">\n            <div data-colibri-id=\"91-c10\" class=\"d-flex h-flex-basis h-column__inner h-px-lg-2 h-px-md-2 h-px-2 v-inner-lg-2 v-inner-md-2 v-inner-2 style-448 style-local-91-c10 position-relative\">\n              <!---->\n              <!---->\n              <div class=\"w-100 h-y-container h-column__content h-column__v-align flex-basis-100 align-self-lg-center align-self-md-center align-self-center\">\n                <!---->\n                <div data-colibri-id=\"91-c11\" class=\"d-block style-449 style-local-91-c11 position-relative h-element\">\n                  <!---->\n                  <div class=\"h-image__frame-container-outer\">\n                    <a href=\"https:\/\/vismktg.info\/MDAZ\" target=\"_blank\" h-use-smooth-scroll=\"true\" class=\"image-link\" rel=\"noopener\">\n                      <div class=\"h-image__frame-container\">\n                        <!---->\n                        <!---->\n                        <img decoding=\"async\" width=\"1920\" height=\"1080\" data-src=\"http:\/\/faewure.cluster027.hosting.ovh.net\/mdaz\/wp-content\/uploads\/2023\/12\/mktg-digital-de-A-a-Z-webinaires-thumbnailspsd.png\" class=\"wp-image-473 style-449-image style-local-91-c11-image lazyload\" alt=\"\" data-srcset=\"https:\/\/marketingdigitalaz.com\/wp-content\/uploads\/2023\/12\/mktg-digital-de-A-a-Z-webinaires-thumbnailspsd.png 1920w, https:\/\/marketingdigitalaz.com\/wp-content\/uploads\/2023\/12\/mktg-digital-de-A-a-Z-webinaires-thumbnailspsd-300x169.png 300w, https:\/\/marketingdigitalaz.com\/wp-content\/uploads\/2023\/12\/mktg-digital-de-A-a-Z-webinaires-thumbnailspsd-1024x576.png 1024w, https:\/\/marketingdigitalaz.com\/wp-content\/uploads\/2023\/12\/mktg-digital-de-A-a-Z-webinaires-thumbnailspsd-768x432.png 768w, https:\/\/marketingdigitalaz.com\/wp-content\/uploads\/2023\/12\/mktg-digital-de-A-a-Z-webinaires-thumbnailspsd-1536x864.png 1536w\" data-sizes=\"(max-width: 1920px) 100vw, 1920px\" src=\"data:image\/svg+xml;base64,PHN2ZyB3aWR0aD0iMSIgaGVpZ2h0PSIxIiB4bWxucz0iaHR0cDovL3d3dy53My5vcmcvMjAwMC9zdmciPjwvc3ZnPg==\" style=\"--smush-placeholder-width: 1920px; --smush-placeholder-aspect-ratio: 1920\/1080;\" \/>\n                        <div class=\"h-image__frame h-hide-lg h-hide-md h-hide-sm style-449-frameImage style-local-91-c11-frameImage\"><\/div>\n                      <\/div>\n                    <\/a>\n                  <\/div>\n                <\/div>\n              <\/div>\n            <\/div>\n          <\/div>\n        <\/div>\n      <\/div>\n    <\/div>\n  <\/div>\n<\/div>","protected":false},"excerpt":{"rendered":"<p>LES \u00c9V\u00c9NEMENTS LIVE DE #MDAZ&nbsp; Les meilleurs&nbsp;experts du marketing digital vous parlent en direct Le livre le marketing digital de @ \u00e0 Z ne s&#8217;arr\u00eate pas avec la publication du papier. Il s&#8217;agit d&#8217;un livre augment\u00e9 qui s&#8217;accompagne de nombreuses vid\u00e9os &nbsp;interviews d&#8217;exeperts. &nbsp; Voir la cha\u00eene YouTube<\/p>\n","protected":false},"author":1,"featured_media":473,"parent":0,"menu_order":0,"comment_status":"closed","ping_status":"closed","template":"page-templates\/full-width-page.php","meta":{"jetpack_post_was_ever_published":false,"footnotes":""},"class_list":["post-91","page","type-page","status-publish","has-post-thumbnail","hentry"],"jetpack-related-posts":[],"jetpack_sharing_enabled":true,"jetpack_shortlink":"https:\/\/wp.me\/PfnJCP-1t","_links":{"self":[{"href":"https:\/\/marketingdigitalaz.com\/index.php\/wp-json\/wp\/v2\/pages\/91","targetHints":{"allow":["GET"]}}],"collection":[{"href":"https:\/\/marketingdigitalaz.com\/index.php\/wp-json\/wp\/v2\/pages"}],"about":[{"href":"https:\/\/marketingdigitalaz.com\/index.php\/wp-json\/wp\/v2\/types\/page"}],"author":[{"embeddable":true,"href":"https:\/\/marketingdigitalaz.com\/index.php\/wp-json\/wp\/v2\/users\/1"}],"replies":[{"embeddable":true,"href":"https:\/\/marketingdigitalaz.com\/index.php\/wp-json\/wp\/v2\/comments?post=91"}],"version-history":[{"count":11,"href":"https:\/\/marketingdigitalaz.com\/index.php\/wp-json\/wp\/v2\/pages\/91\/revisions"}],"predecessor-version":[{"id":1249,"href":"https:\/\/marketingdigitalaz.com\/index.php\/wp-json\/wp\/v2\/pages\/91\/revisions\/1249"}],"wp:featuredmedia":[{"embeddable":true,"href":"https:\/\/marketingdigitalaz.com\/index.php\/wp-json\/wp\/v2\/media\/473"}],"wp:attachment":[{"href":"https:\/\/marketingdigitalaz.com\/index.php\/wp-json\/wp\/v2\/media?parent=91"}],"curies":[{"name":"wp","href":"https:\/\/api.w.org\/{rel}","templated":true}]}}